{"id":8,"date":"2026-04-17T20:52:41","date_gmt":"2026-04-17T20:52:41","guid":{"rendered":"https:\/\/devbase.flexiasso.com\/?page_id=8"},"modified":"2026-04-17T20:52:41","modified_gmt":"2026-04-17T20:52:41","slug":"password-recovery","status":"publish","type":"page","link":"https:\/\/devbase.flexiasso.com\/?page_id=8","title":{"rendered":"Password Recovery"},"content":{"rendered":"<!--noptimize--><div class='rmagic'>    \n    <div class='rmcontent rm-login-wrapper'>\n                    <style type=\"text\/css\">label span.required { color: #B94A48; }span.help-inline, span.help-block { color: #888; font-size: .9em; font-style: italic; }<\/style><form action id=\"rm_recovery_form\" method=\"post\" class=\"form-horizontal\"><fieldset><input type=\"hidden\" name=\"rm_form_sub_id\" value=rm_recovery_form><input type=\"hidden\" name=\"rm_form_sub_no\" value=><div class=\"rmrow\"><div class=\"rmfield\" for=\"rm_recovery_form-element-0\"><label>Your Email<sup class=\"required\">&nbsp;*<\/sup><\/label><\/div><div class=\"rminput\"><input type=\"email\" name=\"user_email\" required class placeholder id=\"rm_recovery_form-element-0\"\/><\/div><\/div><div class=\"buttonarea\"><input   type=\"submit\" value=\"Reset Password\" name=\"submit\" id=\"rm_submit_btn\" class=\"rm_btn rm-btn rm-btn-primary button button-primary\"\/><\/div><\/fieldset><\/form><pre class=\"rm-pre-wrapper-for-script-tags\"><script type=\"text\/javascript\">jQuery(document).ready(function() {\t\tjQuery(\"#rm_recovery_form\").bind(\"submit\", function(){\n                        \/\/jQuery(this).find(\"input[name=rm_slug]\").attr(\"value\",jQuery(this).find(\"input[name=submit]\").attr(\"value\"));\n\t\t\tjQuery(this).find(\"input[type=submit]\").attr(\"disabled\", \"disabled\"); \n\t\t});}); <\/script><\/pre>        <noscript>\n            <div class=\"rm-js-disabled\"><b>Remarque : il semble que JavaScript soit d\u00e9sactiv\u00e9 dans votre navigateur. Certains \u00e9l\u00e9ments de ce formulaire peuvent n\u00e9cessiter JavaScript pour fonctionner correctement. Si vous rencontrez des difficult\u00e9s pour soumettre le formulaire, essayez d\u2019activer temporairement JavaScript puis de le soumettre \u00e0 nouveau. Les r\u00e9glages JavaScript se trouvent g\u00e9n\u00e9ralement dans les param\u00e8tres du navigateur ou le menu d\u00e9veloppeur du navigateur.<\/b><\/div>\n            <style>\n                .rm_next_btn {display:none !important}\n                .rm_noscript_btn {display: block !important}\n            <\/style>\n        <\/noscript>\n                <\/div>\n<\/div><!--\/noptimize-->\n","protected":false},"excerpt":{"rendered":"","protected":false},"author":1,"featured_media":0,"parent":0,"menu_order":0,"comment_status":"closed","ping_status":"closed","template":"","meta":{"footnotes":""},"class_list":["post-8","page","type-page","status-publish","hentry"],"_links":{"self":[{"href":"https:\/\/devbase.flexiasso.com\/index.php?rest_route=\/wp\/v2\/pages\/8","targetHints":{"allow":["GET"]}}],"collection":[{"href":"https:\/\/devbase.flexiasso.com\/index.php?rest_route=\/wp\/v2\/pages"}],"about":[{"href":"https:\/\/devbase.flexiasso.com\/index.php?rest_route=\/wp\/v2\/types\/page"}],"author":[{"embeddable":true,"href":"https:\/\/devbase.flexiasso.com\/index.php?rest_route=\/wp\/v2\/users\/1"}],"replies":[{"embeddable":true,"href":"https:\/\/devbase.flexiasso.com\/index.php?rest_route=%2Fwp%2Fv2%2Fcomments&post=8"}],"version-history":[{"count":0,"href":"https:\/\/devbase.flexiasso.com\/index.php?rest_route=\/wp\/v2\/pages\/8\/revisions"}],"wp:attachment":[{"href":"https:\/\/devbase.flexiasso.com\/index.php?rest_route=%2Fwp%2Fv2%2Fmedia&parent=8"}],"curies":[{"name":"wp","href":"https:\/\/api.w.org\/{rel}","templated":true}]}}